{"id":1393,"date":"2021-11-10T08:56:16","date_gmt":"2021-11-10T08:56:16","guid":{"rendered":"https:\/\/lepanto.webidiseny.es\/?page_id=1393"},"modified":"2021-11-10T08:56:16","modified_gmt":"2021-11-10T08:56:16","slug":"contacte","status":"publish","type":"page","link":"https:\/\/mudanzaslepanto.com\/ca\/contacte\/","title":{"rendered":"Contacte"},"content":{"rendered":"<div class=\"wpb-content-wrapper\"><p>[vc_row][vc_column]<div class=\"boc_spacing \" style=\"height: 20px\"><\/div>[\/vc_column][\/vc_row][vc_row gap=&#8221;35&#8243;][vc_column width=&#8221;1\/2&#8243;][vc_row_inner][vc_column_inner css=&#8221;.vc_custom_1635410827283{border-top-width: 3px !important;border-right-width: 3px !important;border-bottom-width: 3px !important;border-left-width: 3px !important;background-color: #ffffff !important;border-left-color: #020000 !important;border-left-style: solid !important;border-right-color: #020000 !important;border-right-style: solid !important;border-top-color: #020000 !important;border-top-style: solid !important;border-bottom-color: #020000 !important;border-bottom-style: solid !important;border-radius: 15px !important;}&#8221;]<div class=\"boc_spacing \" style=\"height: 30px\"><\/div>[vc_column_text]<\/p>\n<h3><strong>On contactar-nos?<\/strong><\/h3>\n<hr \/>\n<p><span style=\"color: #000000;\"><strong>Adre\u00e7a:<\/strong> Av. Ca Bordoll, 71, nau 9 08202 Sabadell (Barcelona)<\/span><\/p>\n<p><span style=\"color: #000000;\"><strong>Tel\u00e8fon:<\/strong> <a href=\"tel:937179886\">(+34) 937 17 98 86<\/a> | <a href=\"tel:625315935\">(+34) 625 31 59 35<\/a><\/span><\/p>\n<p><span style=\"color: #000000;\"><strong>Correu electr\u00f2nic:<\/strong> <a href=\"mailto:info@mudanzaslepanto.com\">info@mudanzaslepanto.com<\/a><\/span>[\/vc_column_text]<div class=\"boc_spacing \" style=\"height: 10px\"><\/div>[\/vc_column_inner][\/vc_row_inner]<div class=\"boc_divider_holder\"><div class=\"boc_divider  \"  style=\"margin-top: 20px;margin-bottom: 20px;height: 1px;background: #eeeeee;\"><\/div><\/div>[vc_row_inner][vc_column_inner]<div class=\"boc_spacing \" style=\"height: 10px\"><\/div>[vc_raw_html]JTNDaWZyYW1lJTIwc3JjJTNEJTIyaHR0cHMlM0ElMkYlMkZ3d3cuZ29vZ2xlLmNvbSUyRm1hcHMlMkZlbWJlZCUzRnBiJTNEJTIxMW0xNCUyMTFtOCUyMTFtMyUyMTFkMTE5NDQuOTcyNDY5MTU3ODU4JTIxMmQyLjEzMTI3NyUyMTNkNDEuNTQyMzMzJTIxM20yJTIxMWkxMDI0JTIxMmk3NjglMjE0ZjEzLjElMjEzbTMlMjExbTIlMjExczB4MCUyNTNBMHg3YjIzNjk5NDNlN2FlM2U5JTIxMnNNdWRhbnphcyUyNTIwTGVwYW50byUyNTIwUy5MLiUyMTVlMCUyMTNtMiUyMTFzZXMlMjEyc2VzJTIxNHYxNjM0NjQxNjEzOTkxJTIxNW0yJTIxMXNlcyUyMTJzZXMlMjIlMjB3aWR0aCUzRCUyMjU2NSUyMiUyMGhlaWdodCUzRCUyMjM1MCUyMiUyMHN0eWxlJTNEJTIyYm9yZGVyJTNBMCUzQiUyMiUyMGFsbG93ZnVsbHNjcmVlbiUzRCUyMiUyMiUyMGxvYWRpbmclM0QlMjJsYXp5JTIyJTNFJTNDJTJGaWZyYW1lJTNF[\/vc_raw_html][\/vc_column_inner][\/vc_row_inner][\/vc_column][vc_column width=&#8221;1\/2&#8243;]<h2 class=\"boc_heading  center  \"  style=\"margin-bottom: 20px;margin-top: 0px;color: #333;\"><span>Tamb\u00e9 <strong>pots contactar-nos<\/strong> mitjan\u00e7ant aquest formulari de contacte.<\/span><\/h2><div class=\"boc_divider_holder\"><div class=\"boc_divider  \"  style=\"margin-top: 20px;margin-bottom: 20px;height: 1px;background: #000000;\"><\/div><\/div><div class=\"boc_spacing \" style=\"height: 20px\"><\/div>\n<div class=\"wpcf7 no-js\" id=\"wpcf7-f1311-o1\" lang=\"es-ES\" dir=\"ltr\" data-wpcf7-id=\"1311\">\n<div class=\"screen-reader-response\"><p role=\"status\" aria-live=\"polite\" aria-atomic=\"true\"><\/p> <ul><\/ul><\/div>\n<form action=\"\/ca\/wp-json\/wp\/v2\/pages\/1393#wpcf7-f1311-o1\" method=\"post\" class=\"wpcf7-form init\" aria-label=\"Formulario de contacto\" novalidate=\"novalidate\" data-status=\"init\">\n<fieldset class=\"hidden-fields-container\"><input type=\"hidden\" name=\"_wpcf7\" value=\"1311\" \/><input type=\"hidden\" name=\"_wpcf7_version\" value=\"6.1.5\" \/><input type=\"hidden\" name=\"_wpcf7_locale\" value=\"es_ES\" \/><input type=\"hidden\" name=\"_wpcf7_unit_tag\" value=\"wpcf7-f1311-o1\" \/><input type=\"hidden\" name=\"_wpcf7_container_post\" value=\"0\" \/><input type=\"hidden\" name=\"_wpcf7_posted_data_hash\" value=\"\" \/><input type=\"hidden\" name=\"_wpcf7_recaptcha_response\" value=\"\" \/>\n<\/fieldset>\n<h3 style= text-align:center;>Si desitges un <strong>pressupost<\/strong> per a una <strong>mudan\u00e7a<\/strong> de qualsevol tipus, et farem arribar un <strong>pressupost<\/strong>.\n<\/h3>\n<hr \/>\n<p>Nom<br \/>\n<span class=\"wpcf7-form-control-wrap\" data-name=\"your-name\"><input size=\"40\" maxlength=\"400\" class=\"wpcf7-form-control wpcf7-text wpcf7-validates-as-required\" aria-required=\"true\" aria-invalid=\"false\" value=\"\" type=\"text\" name=\"your-name\" \/><\/span>\n<\/p>\n<p>E-mail<br \/>\n<span class=\"wpcf7-form-control-wrap\" data-name=\"your-email\"><input size=\"40\" maxlength=\"400\" class=\"wpcf7-form-control wpcf7-email wpcf7-validates-as-required wpcf7-text wpcf7-validates-as-email\" aria-required=\"true\" aria-invalid=\"false\" value=\"\" type=\"email\" name=\"your-email\" \/><\/span>\n<\/p>\n<p>Tel\u00e8fon<br \/>\n<span class=\"wpcf7-form-control-wrap\" data-name=\"tel-660\"><input size=\"40\" maxlength=\"400\" class=\"wpcf7-form-control wpcf7-tel wpcf7-validates-as-required wpcf7-text wpcf7-validates-as-tel\" aria-required=\"true\" aria-invalid=\"false\" value=\"\" type=\"tel\" name=\"tel-660\" \/><\/span>\n<\/p>\n<p>Codi postal<br \/>\n<span class=\"wpcf7-form-control-wrap\" data-name=\"text-395\"><input size=\"40\" maxlength=\"400\" class=\"wpcf7-form-control wpcf7-text wpcf7-validates-as-required\" aria-required=\"true\" aria-invalid=\"false\" value=\"\" type=\"text\" name=\"text-395\" \/><\/span>\n<\/p>\n<p>Quan tens previst fer la mudan\u00e7a?<br \/>\n<span class=\"wpcf7-form-control-wrap\" data-name=\"text-447\"><input size=\"40\" maxlength=\"400\" class=\"wpcf7-form-control wpcf7-text wpcf7-validates-as-required\" aria-required=\"true\" aria-invalid=\"false\" value=\"\" type=\"text\" name=\"text-447\" \/><\/span>\n<\/p>\n<p><span class=\"wpcf7-form-control-wrap\" data-name=\"Enviodedatos\"><span class=\"wpcf7-form-control wpcf7-acceptance\"><span class=\"wpcf7-list-item\"><label><input type=\"checkbox\" name=\"Enviodedatos\" value=\"1\" aria-invalid=\"false\" \/><span class=\"wpcf7-list-item-label\">\u00bfAcceptes la <a href=\"\/politica-de-privacidad\/\"><strong>pol\u00edtica de privacitat<\/strong><\/a>?<\/span><\/label><\/span><\/span><\/span>\n<\/p>\n<span class=\"wpcf7-form-control-wrap recaptcha\" data-name=\"recaptcha\"><span data-sitekey=\"6LdQEzsdAAAAAKAsSYRWFfk7x3MQaaaBr62VAUzc\" class=\"wpcf7-form-control wpcf7-recaptcha g-recaptcha\"><\/span>\r\n<noscript>\r\n\t<div class=\"grecaptcha-noscript\">\r\n\t\t<iframe loading=\"lazy\" src=\"https:\/\/www.google.com\/recaptcha\/api\/fallback?k=6LdQEzsdAAAAAKAsSYRWFfk7x3MQaaaBr62VAUzc\" frameborder=\"0\" scrolling=\"no\" width=\"310\" height=\"430\">\r\n\t\t<\/iframe>\r\n\t\t<textarea name=\"g-recaptcha-response\" rows=\"3\" cols=\"40\" placeholder=\"Aqu\u00ed la respuesta de reCAPTCHA\">\r\n\t\t<\/textarea>\r\n\t<\/div>\r\n<\/noscript>\r\n<\/span>\n<p><span id=\"wpcf7-69f4cae1947e4-wrapper\" class=\"wpcf7-form-control-wrap honeypot-896-wrap\" style=\"display:none !important; visibility:hidden !important;\"><input type=\"hidden\" name=\"honeypot-896-time-start\" value=\"1777650401\"><input type=\"hidden\" name=\"honeypot-896-time-check\" value=\"7\"><label for=\"wpcf7-69f4cae1947e4-field\" class=\"hp-message\">Por favor, deja este campo vac\u00edo.<\/label><input id=\"wpcf7-69f4cae1947e4-field\"  class=\"wpcf7-form-control wpcf7-text\" type=\"text\" name=\"honeypot-896\" value=\"\" size=\"40\" tabindex=\"-1\" autocomplete=\"new-password\" \/><\/span>\n<\/p>\n<p><input class=\"wpcf7-form-control wpcf7-submit has-spinner\" type=\"submit\" value=\"Enviar\" \/>\n<\/p>\n\n<!-- Event snippet for Enviar un formulari de contactes conversion page In your html page, add the snippet and call gtag_report_conversion when someone clicks on the chosen link or button. -->\n<p><script> function gtag_report_conversion(url) { var callback = function () { if (typeof(url) != 'undefined') { window.location = url; } }; gtag('event', 'conversion', { 'send_to': 'AW-10798276170\/MMuLCJrNrIwDEMq8gp0o', 'event_callback': callback }); return false; } <\/script>\n<\/p><p style=\"display: none !important;\" class=\"akismet-fields-container\" data-prefix=\"_wpcf7_ak_\"><label>&#916;<textarea name=\"_wpcf7_ak_hp_textarea\" cols=\"45\" rows=\"8\" maxlength=\"100\"><\/textarea><\/label><input type=\"hidden\" id=\"ak_js_1\" name=\"_wpcf7_ak_js\" value=\"174\"\/><script>document.getElementById( \"ak_js_1\" ).setAttribute( \"value\", ( new Date() ).getTime() );<\/script><\/p><div class=\"wpcf7-response-output\" aria-hidden=\"true\"><\/div>\n<\/form>\n<\/div>\n[\/vc_column][\/vc_row]<\/p>\n<\/div>","protected":false},"excerpt":{"rendered":"<p>[vc_row][vc_column][\/vc_column][\/vc_row][vc_row gap=&#8221;35&#8243;][vc_column width=&#8221;1\/2&#8243;][vc_row_inner][vc_column_inner css=&#8221;.vc_custom_1635410827283{border-top-width: 3px !important;border-right-width: 3px !important;border-bottom-width: 3px !important;border-left-width: 3px !important;background-color: #ffffff !important;border-left-color: #020000 !important;border-left-style: solid !important;border-right-color: #020000 !important;border-right-style: solid !important;border-top-color: #020000 !important;border-top-style: solid !important;border-bottom-color: #020000 !important;border-bottom-style: solid !important;border-radius: 15px !important;}&#8221;][vc_column_text] On contactar-nos? Adre\u00e7a: Av. Ca Bordoll, 71, nau 9 08202 Sabadell (Barcelona) Tel\u00e8fon: (+34) 937 17 98 86 | (+34) 625 31 59 35 Correu electr\u00f2nic: info@mudanzaslepanto.com[\/vc_column_text][\/vc_column_inner][\/vc_row_inner][vc_row_inner][vc_column_inner][vc_raw_html]JTNDaWZyYW1lJTIwc3JjJTNEJTIyaHR0cHMlM0ElMkYlMkZ3d3cuZ29vZ2xlLmNvbSUyRm1hcHMlMkZlbWJlZCUzRnBiJTNEJTIxMW0xNCUyMTFtOCUyMTFtMyUyMTFkMTE5NDQuOTcyNDY5MTU3ODU4JTIxMmQyLjEzMTI3NyUyMTNkNDEuNTQyMzMzJTIxM20yJTIxMWkxMDI0JTIxMmk3NjglMjE0ZjEzLjElMjEzbTMlMjExbTIlMjExczB4MCUyNTNBMHg3YjIzNjk5NDNlN2FlM2U5JTIxMnNNdWRhbnphcyUyNTIwTGVwYW50byUyNTIwUy5MLiUyMTVlMCUyMTNtMiUyMTFzZXMlMjEyc2VzJTIxNHYxNjM0NjQxNjEzOTkxJTIxNW0yJTIxMXNlcyUyMTJzZXMlMjIlMjB3aWR0aCUzRCUyMjU2NSUyMiUyMGhlaWdodCUzRCUyMjM1MCUyMiUyMHN0eWxlJTNEJTIyYm9yZGVyJTNBMCUzQiUyMiUyMGFsbG93ZnVsbHNjcmVlbiUzRCUyMiUyMiUyMGxvYWRpbmclM0QlMjJsYXp5JTIyJTNFJTNDJTJGaWZyYW1lJTNF[\/vc_raw_html][\/vc_column_inner][\/vc_row_inner][\/vc_column][vc_column width=&#8221;1\/2&#8243;][\/vc_column][\/vc_row]<\/p>\n","protected":false},"author":1,"featured_media":0,"parent":0,"menu_order":0,"comment_status":"closed","ping_status":"closed","template":"","meta":{"footnotes":""},"class_list":["post-1393","page","type-page","status-publish","hentry"],"yoast_head":"<!-- This site is optimized with the Yoast SEO plugin v27.2 - https:\/\/yoast.com\/product\/yoast-seo-wordpress\/ -->\n<title>Contacte - Mudanzas Lepanto<\/title>\n<meta name=\"robots\" content=\"index, follow, max-snippet:-1, max-image-preview:large, max-video-preview:-1\" \/>\n<link rel=\"canonical\" href=\"https:\/\/mudanzaslepanto.com\/ca\/contacte\/\" \/>\n<meta property=\"og:locale\" content=\"ca_ES\" \/>\n<meta property=\"og:type\" content=\"article\" \/>\n<meta property=\"og:title\" content=\"Contacte - Mudanzas Lepanto\" \/>\n<meta property=\"og:description\" content=\"[vc_row][vc_column][\/vc_column][\/vc_row][vc_row gap=&#8221;35&#8243;][vc_column width=&#8221;1\/2&#8243;][vc_row_inner][vc_column_inner css=&#8221;.vc_custom_1635410827283{border-top-width: 3px !important;border-right-width: 3px !important;border-bottom-width: 3px !important;border-left-width: 3px !important;background-color: #ffffff !important;border-left-color: #020000 !important;border-left-style: solid !important;border-right-color: #020000 !important;border-right-style: solid !important;border-top-color: #020000 !important;border-top-style: solid !important;border-bottom-color: #020000 !important;border-bottom-style: solid !important;border-radius: 15px !important;}&#8221;][vc_column_text] On contactar-nos? Adre\u00e7a: Av. Ca Bordoll, 71, nau 9 08202 Sabadell (Barcelona) Tel\u00e8fon: (+34) 937 17 98 86 | (+34) 625 31 59 35 Correu electr\u00f2nic: info@mudanzaslepanto.com[\/vc_column_text][\/vc_column_inner][\/vc_row_inner][vc_row_inner][vc_column_inner][vc_raw_html]JTNDaWZyYW1lJTIwc3JjJTNEJTIyaHR0cHMlM0ElMkYlMkZ3d3cuZ29vZ2xlLmNvbSUyRm1hcHMlMkZlbWJlZCUzRnBiJTNEJTIxMW0xNCUyMTFtOCUyMTFtMyUyMTFkMTE5NDQuOTcyNDY5MTU3ODU4JTIxMmQyLjEzMTI3NyUyMTNkNDEuNTQyMzMzJTIxM20yJTIxMWkxMDI0JTIxMmk3NjglMjE0ZjEzLjElMjEzbTMlMjExbTIlMjExczB4MCUyNTNBMHg3YjIzNjk5NDNlN2FlM2U5JTIxMnNNdWRhbnphcyUyNTIwTGVwYW50byUyNTIwUy5MLiUyMTVlMCUyMTNtMiUyMTFzZXMlMjEyc2VzJTIxNHYxNjM0NjQxNjEzOTkxJTIxNW0yJTIxMXNlcyUyMTJzZXMlMjIlMjB3aWR0aCUzRCUyMjU2NSUyMiUyMGhlaWdodCUzRCUyMjM1MCUyMiUyMHN0eWxlJTNEJTIyYm9yZGVyJTNBMCUzQiUyMiUyMGFsbG93ZnVsbHNjcmVlbiUzRCUyMiUyMiUyMGxvYWRpbmclM0QlMjJsYXp5JTIyJTNFJTNDJTJGaWZyYW1lJTNF[\/vc_raw_html][\/vc_column_inner][\/vc_row_inner][\/vc_column][vc_column width=&#8221;1\/2&#8243;][\/vc_column][\/vc_row]\" \/>\n<meta property=\"og:url\" content=\"https:\/\/mudanzaslepanto.com\/ca\/contacte\/\" \/>\n<meta property=\"og:site_name\" content=\"Mudanzas Lepanto\" \/>\n<meta name=\"twitter:card\" content=\"summary_large_image\" \/>\n<meta name=\"twitter:label1\" content=\"Temps estimat de lectura\" \/>\n\t<meta name=\"twitter:data1\" content=\"1 minut\" \/>\n<script type=\"application\/ld+json\" class=\"yoast-schema-graph\">{\"@context\":\"https:\/\/schema.org\",\"@graph\":[{\"@type\":\"WebPage\",\"@id\":\"https:\/\/mudanzaslepanto.com\/ca\/contacte\/\",\"url\":\"https:\/\/mudanzaslepanto.com\/ca\/contacte\/\",\"name\":\"Contacte - Mudanzas Lepanto\",\"isPartOf\":{\"@id\":\"https:\/\/mudanzaslepanto.com\/#website\"},\"datePublished\":\"2021-11-10T08:56:16+00:00\",\"breadcrumb\":{\"@id\":\"https:\/\/mudanzaslepanto.com\/ca\/contacte\/#breadcrumb\"},\"inLanguage\":\"ca\",\"potentialAction\":[{\"@type\":\"ReadAction\",\"target\":[\"https:\/\/mudanzaslepanto.com\/ca\/contacte\/\"]}]},{\"@type\":\"BreadcrumbList\",\"@id\":\"https:\/\/mudanzaslepanto.com\/ca\/contacte\/#breadcrumb\",\"itemListElement\":[{\"@type\":\"ListItem\",\"position\":1,\"name\":\"Portada\",\"item\":\"https:\/\/mudanzaslepanto.com\/ca\/\"},{\"@type\":\"ListItem\",\"position\":2,\"name\":\"Contacte\"}]},{\"@type\":\"WebSite\",\"@id\":\"https:\/\/mudanzaslepanto.com\/#website\",\"url\":\"https:\/\/mudanzaslepanto.com\/\",\"name\":\"Mudanzas Lepanto\",\"description\":\"\",\"potentialAction\":[{\"@type\":\"SearchAction\",\"target\":{\"@type\":\"EntryPoint\",\"urlTemplate\":\"https:\/\/mudanzaslepanto.com\/?s={search_term_string}\"},\"query-input\":{\"@type\":\"PropertyValueSpecification\",\"valueRequired\":true,\"valueName\":\"search_term_string\"}}],\"inLanguage\":\"ca\"}]}<\/script>\n<!-- \/ Yoast SEO plugin. -->","yoast_head_json":{"title":"Contacte - Mudanzas Lepanto","robots":{"index":"index","follow":"follow","max-snippet":"max-snippet:-1","max-image-preview":"max-image-preview:large","max-video-preview":"max-video-preview:-1"},"canonical":"https:\/\/mudanzaslepanto.com\/ca\/contacte\/","og_locale":"ca_ES","og_type":"article","og_title":"Contacte - Mudanzas Lepanto","og_description":"[vc_row][vc_column][\/vc_column][\/vc_row][vc_row gap=&#8221;35&#8243;][vc_column width=&#8221;1\/2&#8243;][vc_row_inner][vc_column_inner css=&#8221;.vc_custom_1635410827283{border-top-width: 3px !important;border-right-width: 3px !important;border-bottom-width: 3px !important;border-left-width: 3px !important;background-color: #ffffff !important;border-left-color: #020000 !important;border-left-style: solid !important;border-right-color: #020000 !important;border-right-style: solid !important;border-top-color: #020000 !important;border-top-style: solid !important;border-bottom-color: #020000 !important;border-bottom-style: solid !important;border-radius: 15px !important;}&#8221;][vc_column_text] On contactar-nos? Adre\u00e7a: Av. Ca Bordoll, 71, nau 9 08202 Sabadell (Barcelona) Tel\u00e8fon: (+34) 937 17 98 86 | (+34) 625 31 59 35 Correu electr\u00f2nic: info@mudanzaslepanto.com[\/vc_column_text][\/vc_column_inner][\/vc_row_inner][vc_row_inner][vc_column_inner][vc_raw_html]JTNDaWZyYW1lJTIwc3JjJTNEJTIyaHR0cHMlM0ElMkYlMkZ3d3cuZ29vZ2xlLmNvbSUyRm1hcHMlMkZlbWJlZCUzRnBiJTNEJTIxMW0xNCUyMTFtOCUyMTFtMyUyMTFkMTE5NDQuOTcyNDY5MTU3ODU4JTIxMmQyLjEzMTI3NyUyMTNkNDEuNTQyMzMzJTIxM20yJTIxMWkxMDI0JTIxMmk3NjglMjE0ZjEzLjElMjEzbTMlMjExbTIlMjExczB4MCUyNTNBMHg3YjIzNjk5NDNlN2FlM2U5JTIxMnNNdWRhbnphcyUyNTIwTGVwYW50byUyNTIwUy5MLiUyMTVlMCUyMTNtMiUyMTFzZXMlMjEyc2VzJTIxNHYxNjM0NjQxNjEzOTkxJTIxNW0yJTIxMXNlcyUyMTJzZXMlMjIlMjB3aWR0aCUzRCUyMjU2NSUyMiUyMGhlaWdodCUzRCUyMjM1MCUyMiUyMHN0eWxlJTNEJTIyYm9yZGVyJTNBMCUzQiUyMiUyMGFsbG93ZnVsbHNjcmVlbiUzRCUyMiUyMiUyMGxvYWRpbmclM0QlMjJsYXp5JTIyJTNFJTNDJTJGaWZyYW1lJTNF[\/vc_raw_html][\/vc_column_inner][\/vc_row_inner][\/vc_column][vc_column width=&#8221;1\/2&#8243;][\/vc_column][\/vc_row]","og_url":"https:\/\/mudanzaslepanto.com\/ca\/contacte\/","og_site_name":"Mudanzas Lepanto","twitter_card":"summary_large_image","twitter_misc":{"Temps estimat de lectura":"1 minut"},"schema":{"@context":"https:\/\/schema.org","@graph":[{"@type":"WebPage","@id":"https:\/\/mudanzaslepanto.com\/ca\/contacte\/","url":"https:\/\/mudanzaslepanto.com\/ca\/contacte\/","name":"Contacte - Mudanzas Lepanto","isPartOf":{"@id":"https:\/\/mudanzaslepanto.com\/#website"},"datePublished":"2021-11-10T08:56:16+00:00","breadcrumb":{"@id":"https:\/\/mudanzaslepanto.com\/ca\/contacte\/#breadcrumb"},"inLanguage":"ca","potentialAction":[{"@type":"ReadAction","target":["https:\/\/mudanzaslepanto.com\/ca\/contacte\/"]}]},{"@type":"BreadcrumbList","@id":"https:\/\/mudanzaslepanto.com\/ca\/contacte\/#breadcrumb","itemListElement":[{"@type":"ListItem","position":1,"name":"Portada","item":"https:\/\/mudanzaslepanto.com\/ca\/"},{"@type":"ListItem","position":2,"name":"Contacte"}]},{"@type":"WebSite","@id":"https:\/\/mudanzaslepanto.com\/#website","url":"https:\/\/mudanzaslepanto.com\/","name":"Mudanzas Lepanto","description":"","potentialAction":[{"@type":"SearchAction","target":{"@type":"EntryPoint","urlTemplate":"https:\/\/mudanzaslepanto.com\/?s={search_term_string}"},"query-input":{"@type":"PropertyValueSpecification","valueRequired":true,"valueName":"search_term_string"}}],"inLanguage":"ca"}]}},"_links":{"self":[{"href":"https:\/\/mudanzaslepanto.com\/ca\/wp-json\/wp\/v2\/pages\/1393","targetHints":{"allow":["GET"]}}],"collection":[{"href":"https:\/\/mudanzaslepanto.com\/ca\/wp-json\/wp\/v2\/pages"}],"about":[{"href":"https:\/\/mudanzaslepanto.com\/ca\/wp-json\/wp\/v2\/types\/page"}],"author":[{"embeddable":true,"href":"https:\/\/mudanzaslepanto.com\/ca\/wp-json\/wp\/v2\/users\/1"}],"replies":[{"embeddable":true,"href":"https:\/\/mudanzaslepanto.com\/ca\/wp-json\/wp\/v2\/comments?post=1393"}],"version-history":[{"count":4,"href":"https:\/\/mudanzaslepanto.com\/ca\/wp-json\/wp\/v2\/pages\/1393\/revisions"}],"predecessor-version":[{"id":1398,"href":"https:\/\/mudanzaslepanto.com\/ca\/wp-json\/wp\/v2\/pages\/1393\/revisions\/1398"}],"wp:attachment":[{"href":"https:\/\/mudanzaslepanto.com\/ca\/wp-json\/wp\/v2\/media?parent=1393"}],"curies":[{"name":"wp","href":"https:\/\/api.w.org\/{rel}","templated":true}]}}